{"id":1063,"date":"2025-08-08T19:36:18","date_gmt":"2025-08-08T19:36:18","guid":{"rendered":"https:\/\/www.reviensy.laboratoire-achroma.fr\/?page_id=1063"},"modified":"2025-08-08T19:55:01","modified_gmt":"2025-08-08T19:55:01","slug":"conditions-generales-dutilisation","status":"publish","type":"page","link":"https:\/\/www.reviensy.laboratoire-achroma.fr\/en\/conditions-generales-dutilisation\/","title":{"rendered":"Conditions G\u00e9n\u00e9rales d\u2019Utilisation"},"content":{"rendered":"<div data-elementor-type=\"wp-page\" data-elementor-id=\"1063\" class=\"elementor elementor-1063\" data-elementor-post-type=\"page\">\n\t\t\t\t<div class=\"elementor-element elementor-element-9fd3621 e-flex e-con-boxed e-con e-parent\" data-id=\"9fd3621\" data-element_type=\"container\">\n\t\t\t\t\t<div class=\"e-con-inner\">\n\t\t\t\t<div class=\"elementor-element elementor-element-c99a360 elementor-invisible elementor-widget elementor-widget-heading\" data-id=\"c99a360\" data-element_type=\"widget\" data-settings=\"{&quot;_animation&quot;:&quot;fadeIn&quot;}\" data-widget_type=\"heading.default\">\n\t\t\t\t\t<h2 class=\"elementor-heading-title elementor-size-default\">Conditions G\u00e9n\u00e9rales d\u2019Utilisation<\/h2>\t\t\t\t<\/div>\n\t\t\t\t<div class=\"elementor-element elementor-element-07a97ea elementor-widget elementor-widget-image\" data-id=\"07a97ea\" data-element_type=\"widget\" data-widget_type=\"image.default\">\n\t\t\t\t\t\t\t\t\t\t\t\t\t\t\t<img decoding=\"async\" width=\"112\" height=\"8\" src=\"https:\/\/www.reviensy.laboratoire-achroma.fr\/wp-content\/uploads\/2025\/07\/1Fichier-8.webp\" class=\"attachment-large size-large wp-image-127\" alt=\"\" srcset=\"https:\/\/www.reviensy.laboratoire-achroma.fr\/wp-content\/uploads\/2025\/07\/1Fichier-8.webp 112w, https:\/\/www.reviensy.laboratoire-achroma.fr\/wp-content\/uploads\/2025\/07\/1Fichier-8-100x8.webp 100w, https:\/\/www.reviensy.laboratoire-achroma.fr\/wp-content\/uploads\/2025\/07\/1Fichier-8-64x5.webp 64w\" sizes=\"(max-width: 112px) 100vw, 112px\" \/>\t\t\t\t\t\t\t\t\t\t\t\t\t\t\t<\/div>\n\t\t\t\t<div class=\"elementor-element elementor-element-04a699d elementor-widget elementor-widget-text-editor\" data-id=\"04a699d\" data-element_type=\"widget\" data-widget_type=\"text-editor.default\">\n\t\t\t\t\t\t\t\t\t<p>1. OBJET<br \/>Les pr\u00e9sentes Conditions G\u00e9n\u00e9rales d\u2019Utilisation ont pour objet de d\u00e9finir les modalit\u00e9s d\u2019acc\u00e8s et d\u2019usage du site bovila.fr, d\u00e9di\u00e9 \u00e0 la pr\u00e9sentation, \u00e0 la r\u00e9servation et \u00e0 la mise en valeur d\u2019un logement meubl\u00e9 propos\u00e9 \u00e0 la location par un particulier.<\/p><p>2. ACCEPTATION DES CGU<br \/>L\u2019acc\u00e8s, la navigation ou toute demande de r\u00e9servation sur le site vaut acceptation pleine et enti\u00e8re des pr\u00e9sentes CGU. L\u2019utilisateur reconna\u00eet en avoir pris connaissance et s\u2019engage \u00e0 les respecter sans r\u00e9serve.<\/p><p>3. ACC\u00c8S AU SITE<br \/>Le site est accessible gratuitement \u00e0 tout utilisateur disposant d\u2019une connexion Internet. Tous les frais li\u00e9s \u00e0 cet acc\u00e8s (\u00e9quipements, abonnements, etc.) restent \u00e0 la charge de l\u2019utilisateur. Le site peut \u00eatre momentan\u00e9ment indisponible pour des op\u00e9rations de maintenance ou de mise \u00e0 jour, sans que cela n\u2019ouvre droit \u00e0 une quelconque compensation.<\/p><p>4. DESCRIPTION DES SERVICES<br \/>Le site permet notamment de :<br \/>d\u00e9couvrir le village vacances B\u00f4Vila et ses prestations, consulter les informations relatives au logement propos\u00e9, effectuer une demande de r\u00e9servation ou r\u00e9server en ligne, contacter le propri\u00e9taire via les formulaires pr\u00e9vus \u00e0 cet effet.<\/p><p>5. COMPORTEMENT DE L\u2019UTILISATEUR<br \/>L\u2019utilisateur s\u2019engage \u00e0 :<br \/>fournir des informations exactes et \u00e0 jour lors d\u2019une prise de contact ou d\u2019une demande de r\u00e9servation, ne pas nuire au bon fonctionnement du site (tentatives d\u2019intrusion, surcharge, etc.), s\u2019abstenir de tout usage abusif ou illicite des moyens de communication mis \u00e0 disposition (contenus injurieux, diffamatoires, ou contraires \u00e0 la loi).<\/p><p>6. RESPONSABILIT\u00c9S<br \/>Le propri\u00e9taire met tout en oeuvre pour assurer la fiabilit\u00e9, l\u2019exactitude et la mise \u00e0 jour des informations diffus\u00e9es sur le site. Toutefois, il ne saurait \u00eatre tenu responsable :<br \/>d\u2019\u00e9ventuelles erreurs ou omissions, d\u2019une interruption temporaire ou d\u2019un dysfonctionnement du site, d\u2019un usage frauduleux ou malveillant du site ou de ses donn\u00e9es par un tiers.<\/p><p>7. LIENS EXTERNES<br \/>Le site peut contenir des liens vers des sites tiers. Ces liens sont fournis \u00e0 titre informatif : le propri\u00e9taire ne saurait \u00eatre tenu responsable du contenu ou du bon fonctionnement de ces sites externes.<\/p><p>8. PROPRI\u00c9T\u00c9 INTELLECTUELLE<br \/>Tous les contenus pr\u00e9sents sur le site bovila.fr (textes, images, photographies, logos, \u00e9l\u00e9ments graphiques\u2026) sont prot\u00e9g\u00e9s par la l\u00e9gislation en vigueur sur la propri\u00e9t\u00e9 intellectuelle. Ils demeurent la propri\u00e9t\u00e9 exclusive de l\u2019Agence Achroma. Toute reproduction, modification ou diffusion, totale ou partielle, sans autorisation \u00e9crite pr\u00e9alable, est strictement interdite.<\/p><p>9. DONN\u00c9ES PERSONNELLES<br \/>Les donn\u00e9es personnelles collect\u00e9es via les formulaires (contact, r\u00e9servation\u2026) sont utilis\u00e9es uniquement pour r\u00e9pondre aux demandes des utilisateurs. Elles ne font l\u2019objet d\u2019aucune cession ou transmission \u00e0 des tiers. Conform\u00e9ment au R\u00e8glement G\u00e9n\u00e9ral sur la Protection des Donn\u00e9es (RGPD), vous disposez d\u2019un droit d\u2019acc\u00e8s, de rectification et de suppression de vos donn\u00e9es. Pour l\u2019exercer, vous pouvez contacter : contact@bovila.fr<\/p><p>10. MODIFICATION DES CGU<br \/>Le propri\u00e9taire se r\u00e9serve le droit de modifier \u00e0 tout moment les pr\u00e9sentes CGU. Ces modifications entreront en vigueur d\u00e8s leur publication sur le site. Il est recommand\u00e9 aux utilisateurs de consulter r\u00e9guli\u00e8rement cette page.<\/p><p>11. DROIT APPLICABLE<br \/>Les pr\u00e9sentes CGU sont soumises au droit fran\u00e7ais. En cas de litige, comp\u00e9tence est attribu\u00e9e aux tribunaux du ressort du domicile du loueur.<\/p><p>Derni\u00e8re mise \u00e0 jour : 18 mai 2025<\/p>\t\t\t\t\t\t\t\t<\/div>\n\t\t\t\t<div class=\"elementor-element elementor-element-512808b elementor-align-center elementor-widget elementor-widget-button\" data-id=\"512808b\" data-element_type=\"widget\" data-widget_type=\"button.default\">\n\t\t\t\t\t\t\t\t\t\t<a class=\"elementor-button elementor-button-link elementor-size-sm elementor-animation-shrink\" href=\"https:\/\/www.reviensy.laboratoire-achroma.fr\/en\/accueil\/\">\n\t\t\t\t\t\t<span class=\"elementor-button-content-wrapper\">\n\t\t\t\t\t\t\t\t\t<span class=\"elementor-button-text\">Retourner sur la page d\u2019accueil<\/span>\n\t\t\t\t\t<\/span>\n\t\t\t\t\t<\/a>\n\t\t\t\t\t\t\t\t<\/div>\n\t\t\t\t\t<\/div>\n\t\t\t\t<\/div>\n\t\t\t\t<\/div>","protected":false},"excerpt":{"rendered":"<p>Conditions G\u00e9n\u00e9rales d\u2019Utilisation 1. OBJETLes pr\u00e9sentes Conditions G\u00e9n\u00e9rales d\u2019Utilisation ont pour objet de d\u00e9finir les modalit\u00e9s d\u2019acc\u00e8s et d\u2019usage du site bovila.fr, d\u00e9di\u00e9 \u00e0 la pr\u00e9sentation, \u00e0 la r\u00e9servation et \u00e0 la mise en valeur d\u2019un logement meubl\u00e9 propos\u00e9 \u00e0 la location par un particulier. 2. ACCEPTATION DES CGUL\u2019acc\u00e8s, la navigation ou toute demande de [&hellip;]<\/p>","protected":false},"author":1,"featured_media":0,"parent":0,"menu_order":0,"comment_status":"closed","ping_status":"closed","template":"elementor_header_footer","meta":{"_acf_changed":false,"footnotes":""},"class_list":["post-1063","page","type-page","status-publish","hentry"],"acf":[],"_links":{"self":[{"href":"https:\/\/www.reviensy.laboratoire-achroma.fr\/en\/wp-json\/wp\/v2\/pages\/1063","targetHints":{"allow":["GET"]}}],"collection":[{"href":"https:\/\/www.reviensy.laboratoire-achroma.fr\/en\/wp-json\/wp\/v2\/pages"}],"about":[{"href":"https:\/\/www.reviensy.laboratoire-achroma.fr\/en\/wp-json\/wp\/v2\/types\/page"}],"author":[{"embeddable":true,"href":"https:\/\/www.reviensy.laboratoire-achroma.fr\/en\/wp-json\/wp\/v2\/users\/1"}],"replies":[{"embeddable":true,"href":"https:\/\/www.reviensy.laboratoire-achroma.fr\/en\/wp-json\/wp\/v2\/comments?post=1063"}],"version-history":[{"count":0,"href":"https:\/\/www.reviensy.laboratoire-achroma.fr\/en\/wp-json\/wp\/v2\/pages\/1063\/revisions"}],"wp:attachment":[{"href":"https:\/\/www.reviensy.laboratoire-achroma.fr\/en\/wp-json\/wp\/v2\/media?parent=1063"}],"curies":[{"name":"wp","href":"https:\/\/api.w.org\/{rel}","templated":true}]}}