{"id":18,"date":"2025-07-06T13:34:28","date_gmt":"2025-07-06T13:34:28","guid":{"rendered":"http:\/\/www.reviensy.laboratoire-achroma.fr\/index.php\/my-account\/"},"modified":"2025-08-11T14:12:58","modified_gmt":"2025-08-11T14:12:58","slug":"my-account","status":"publish","type":"page","link":"https:\/\/www.reviensy.laboratoire-achroma.fr\/en\/my-account\/","title":{"rendered":"Mon compte"},"content":{"rendered":"<div data-elementor-type=\"wp-page\" data-elementor-id=\"18\" class=\"elementor elementor-18\" data-elementor-post-type=\"page\">\n\t\t\t\t<div class=\"elementor-element elementor-element-4659adb e-flex e-con-boxed e-con e-parent\" data-id=\"4659adb\" data-element_type=\"container\">\n\t\t\t\t\t<div class=\"e-con-inner\">\n\t\t\t\t<div class=\"elementor-element elementor-element-552a311 elementor-invisible elementor-widget elementor-widget-heading\" data-id=\"552a311\" data-element_type=\"widget\" data-settings=\"{&quot;_animation&quot;:&quot;fadeIn&quot;}\" data-widget_type=\"heading.default\">\n\t\t\t\t\t<h2 class=\"elementor-heading-title elementor-size-default\">Mon compte<\/h2>\t\t\t\t<\/div>\n\t\t\t\t<div class=\"elementor-element elementor-element-2bf2087 elementor-widget elementor-widget-image\" data-id=\"2bf2087\" data-element_type=\"widget\" data-widget_type=\"image.default\">\n\t\t\t\t\t\t\t\t\t\t\t\t\t\t\t<img decoding=\"async\" width=\"112\" height=\"8\" src=\"https:\/\/www.reviensy.laboratoire-achroma.fr\/wp-content\/uploads\/2025\/07\/1Fichier-8.webp\" class=\"attachment-large size-large wp-image-127\" alt=\"\" srcset=\"https:\/\/www.reviensy.laboratoire-achroma.fr\/wp-content\/uploads\/2025\/07\/1Fichier-8.webp 112w, https:\/\/www.reviensy.laboratoire-achroma.fr\/wp-content\/uploads\/2025\/07\/1Fichier-8-100x8.webp 100w, https:\/\/www.reviensy.laboratoire-achroma.fr\/wp-content\/uploads\/2025\/07\/1Fichier-8-64x5.webp 64w\" sizes=\"(max-width: 112px) 100vw, 112px\" \/>\t\t\t\t\t\t\t\t\t\t\t\t\t\t\t<\/div>\n\t\t\t\t<div class=\"elementor-element elementor-element-21c2c1e e-my-account-tabs-vertical elementor-widget elementor-widget-woocommerce-my-account\" data-id=\"21c2c1e\" data-element_type=\"widget\" data-settings=\"{&quot;forms_buttons_hover_animation&quot;:&quot;shrink&quot;}\" data-widget_type=\"woocommerce-my-account.default\">\n\t\t\t\t\t<div class=\"e-my-account-tab e-my-account-tab__\">\t\t\t<div class=\"woocommerce\"><\/div>\t\t<\/div>\n\t\t\t\t\t\t<\/div>\n\t\t\t\t\t<\/div>\n\t\t\t\t<\/div>\n\t\t\t\t<\/div>","protected":false},"excerpt":{"rendered":"<p>Mon compte Tableau de bord Commandes T\u00e9l\u00e9chargements Adresses D\u00e9tails du compte D\u00e9connexion Bonjour admin9995 (vous n\u2019\u00eates pas admin9995\u00a0? D\u00e9connexion) \u00c0 partir du tableau de bord de votre compte, vous pouvez visualiser vos commandes r\u00e9centes, g\u00e9rer vos adresses de livraison et de facturation ainsi que changer votre mot de passe et les d\u00e9tails de votre compte.<\/p>","protected":false},"author":1,"featured_media":0,"parent":0,"menu_order":0,"comment_status":"closed","ping_status":"closed","template":"elementor_header_footer","meta":{"_acf_changed":false,"footnotes":""},"class_list":["post-18","page","type-page","status-publish","hentry"],"acf":[],"_links":{"self":[{"href":"https:\/\/www.reviensy.laboratoire-achroma.fr\/en\/wp-json\/wp\/v2\/pages\/18","targetHints":{"allow":["GET"]}}],"collection":[{"href":"https:\/\/www.reviensy.laboratoire-achroma.fr\/en\/wp-json\/wp\/v2\/pages"}],"about":[{"href":"https:\/\/www.reviensy.laboratoire-achroma.fr\/en\/wp-json\/wp\/v2\/types\/page"}],"author":[{"embeddable":true,"href":"https:\/\/www.reviensy.laboratoire-achroma.fr\/en\/wp-json\/wp\/v2\/users\/1"}],"replies":[{"embeddable":true,"href":"https:\/\/www.reviensy.laboratoire-achroma.fr\/en\/wp-json\/wp\/v2\/comments?post=18"}],"version-history":[{"count":0,"href":"https:\/\/www.reviensy.laboratoire-achroma.fr\/en\/wp-json\/wp\/v2\/pages\/18\/revisions"}],"wp:attachment":[{"href":"https:\/\/www.reviensy.laboratoire-achroma.fr\/en\/wp-json\/wp\/v2\/media?parent=18"}],"curies":[{"name":"wp","href":"https:\/\/api.w.org\/{rel}","templated":true}]}}