{"id":554,"date":"2025-07-19T07:07:13","date_gmt":"2025-07-19T07:07:13","guid":{"rendered":"https:\/\/www.reviensy.laboratoire-achroma.fr\/?post_type=product&#038;p=554"},"modified":"2025-07-24T09:11:20","modified_gmt":"2025-07-24T09:11:20","slug":"t-shirt-unisexe-le-verre-de-cahors","status":"publish","type":"product","link":"https:\/\/www.reviensy.laboratoire-achroma.fr\/en\/product\/t-shirt-unisexe-le-verre-de-cahors\/","title":{"rendered":"T-shirt unisexe  Le verre de Cahors"},"content":{"rendered":"<p>Ce t-shirt r\u00e9put\u00e9 pour sa douceur au toucher et sa conception robuste, est id\u00e9al pour l&rsquo;impression DTG.<\/p>\n<ul>\n<li>Fabriqu\u00e9 \u00e0 100% coton Airlume peign\u00e9 et fil\u00e9 \u00e0 l&rsquo;anneau, offrant une sensation de douceur premium.<\/li>\n<li>Dot\u00e9 d&rsquo;une coupe ajust\u00e9e unisexe, am\u00e9liorant le contour du corps et offrant plus de confort.<\/li>\n<li>Con\u00e7u sp\u00e9cifiquement pour l&rsquo;impression DTG, garantissant une impression propre et vibrante.<\/li>\n<li>Disponible dans une large gamme de couleurs, offrant des options polyvalentes pour la personnalisation.<\/li>\n<li>Produit de mani\u00e8re \u00e9co avec des processus et des mat\u00e9riaux respectueux de l&rsquo;environnement<\/li>\n<\/ul>\n<p><strong>Guide des tailles<\/strong><\/p>\n<table>\n<tr>\n<td>\u00a0<\/td>\n<td><strong>S<\/strong><\/td>\n<td><strong>M<\/strong><\/td>\n<td><strong>L<\/strong><\/td>\n<td><strong>XL<\/strong><\/td>\n<td><strong>2XL<\/strong><\/td>\n<td><strong>3XL<\/strong><\/td>\n<td><strong>4XL<\/strong><\/td>\n<td><strong>5XL<\/strong><\/td>\n<\/tr>\n<tr>\n<td><strong>A) Longueur (cm)<\/strong><\/td>\n<td>71.1<\/td>\n<td>73.7<\/td>\n<td>76.2<\/td>\n<td>78.7<\/td>\n<td>81.3<\/td>\n<td>83.8<\/td>\n<td>85<\/td>\n<td>88.8<\/td>\n<\/tr>\n<tr>\n<td><strong>B) Largeur (cm)<\/strong><\/td>\n<td>91.4<\/td>\n<td>101.6<\/td>\n<td>111.8<\/td>\n<td>122<\/td>\n<td>132<\/td>\n<td>142.2<\/td>\n<td>152<\/td>\n<td>162.6<\/td>\n<\/tr>\n<tr>\n<td><strong>B) Demi-poitrine (cm)<\/strong><\/td>\n<td>45.7<\/td>\n<td>50.8<\/td>\n<td>55.9<\/td>\n<td>61<\/td>\n<td>66<\/td>\n<td>71.1<\/td>\n<td>76<\/td>\n<td>81.3<\/td>\n<\/tr>\n<\/table>\n<p><strong>Instructions d&rsquo;entretien<\/strong><\/p>\n<table>\n<tr>\n<td>G\u00e9n\u00e9ral<\/td>\n<td>Un v\u00eatement de premier choix connu pour sa douceur, sa durabilit\u00e9 et sa compatibilit\u00e9 avec l&rsquo;impression DTG, ce qui en fait un favori sur les march\u00e9s de d\u00e9tail et les march\u00e9s promotionnels.<\/td>\n<\/tr>\n<tr>\n<td>Lavage<\/td>\n<td>Laver le t-shirt en machine \u00e0 froid pour conserver la vivacit\u00e9 de l&rsquo;impression et maintenir la qualit\u00e9 du tissu.<\/td>\n<\/tr>\n<tr>\n<td>S\u00e9chage<\/td>\n<td>S\u00e9cher le t-shirt en machine \u00e0 basse temp\u00e9rature ou le suspendre \u00e0 l&rsquo;air libre pour maintenir la forme et la taille apr\u00e8s le lavage.<\/td>\n<\/tr>\n<tr>\n<td>Rangement<\/td>\n<td>Ranger dans un endroit frais et sec, \u00e0 l&rsquo;abri de la lumi\u00e8re directe du soleil, pour maintenir l&rsquo;int\u00e9grit\u00e9 des couleurs et du tissu.<\/td>\n<\/tr>\n<\/table>","protected":false},"excerpt":{"rendered":"<p>Ce t-shirt r\u00e9put\u00e9 pour sa douceur au toucher et sa conception robuste, est id\u00e9al pour l&rsquo;impression DTG. Fabriqu\u00e9 \u00e0 100% coton Airlume peign\u00e9 et fil\u00e9 \u00e0 l&rsquo;anneau, offrant une sensation de douceur premium. Dot\u00e9 d&rsquo;une coupe ajust\u00e9e unisexe, am\u00e9liorant le contour du corps et offrant plus de confort. Con\u00e7u sp\u00e9cifiquement pour l&rsquo;impression DTG, garantissant une [&hellip;]<\/p>","protected":false},"featured_media":553,"comment_status":"open","ping_status":"closed","template":"","meta":{"_acf_changed":false},"product_brand":[],"product_cat":[16,22,23,33],"product_tag":[],"class_list":{"0":"post-554","1":"product","2":"type-product","3":"status-publish","4":"has-post-thumbnail","6":"product_cat-uncategorized","7":"product_cat-a-la-une","8":"product_cat-nos-idees-cadeaux","9":"product_cat-t-shirts","11":"first","12":"instock","13":"shipping-taxable","14":"purchasable","15":"product-type-variable"},"acf":[],"_links":{"self":[{"href":"https:\/\/www.reviensy.laboratoire-achroma.fr\/en\/wp-json\/wp\/v2\/product\/554","targetHints":{"allow":["GET"]}}],"collection":[{"href":"https:\/\/www.reviensy.laboratoire-achroma.fr\/en\/wp-json\/wp\/v2\/product"}],"about":[{"href":"https:\/\/www.reviensy.laboratoire-achroma.fr\/en\/wp-json\/wp\/v2\/types\/product"}],"replies":[{"embeddable":true,"href":"https:\/\/www.reviensy.laboratoire-achroma.fr\/en\/wp-json\/wp\/v2\/comments?post=554"}],"wp:featuredmedia":[{"embeddable":true,"href":"https:\/\/www.reviensy.laboratoire-achroma.fr\/en\/wp-json\/wp\/v2\/media\/553"}],"wp:attachment":[{"href":"https:\/\/www.reviensy.laboratoire-achroma.fr\/en\/wp-json\/wp\/v2\/media?parent=554"}],"wp:term":[{"taxonomy":"product_brand","embeddable":true,"href":"https:\/\/www.reviensy.laboratoire-achroma.fr\/en\/wp-json\/wp\/v2\/product_brand?post=554"},{"taxonomy":"product_cat","embeddable":true,"href":"https:\/\/www.reviensy.laboratoire-achroma.fr\/en\/wp-json\/wp\/v2\/product_cat?post=554"},{"taxonomy":"product_tag","embeddable":true,"href":"https:\/\/www.reviensy.laboratoire-achroma.fr\/en\/wp-json\/wp\/v2\/product_tag?post=554"}],"curies":[{"name":"wp","href":"https:\/\/api.w.org\/{rel}","templated":true}]}}