{"id":577,"date":"2025-07-19T07:24:11","date_gmt":"2025-07-19T07:24:11","guid":{"rendered":"https:\/\/www.reviensy.laboratoire-achroma.fr\/product\/casquette-brodee-coton-bio-le-mont-saint-cyr\/"},"modified":"2025-07-19T07:24:23","modified_gmt":"2025-07-19T07:24:23","slug":"casquette-brodee-coton-bio-le-mont-saint-cyr","status":"publish","type":"product","link":"https:\/\/www.reviensy.laboratoire-achroma.fr\/en\/product\/casquette-brodee-coton-bio-le-mont-saint-cyr\/","title":{"rendered":"Casquette Brod\u00e9e Coton Bio &#8211; Le mont Saint-Cyr"},"content":{"rendered":"<p>La casquette papa Beechfield B54N \u00e9l\u00e9gante et \u00e9co-responsable est fabriqu\u00e9e \u00e0 partir de 100% de coton bio. Elle est con\u00e7ue pour ceux qui privil\u00e9gient \u00e0 la fois la mode et la durabilit\u00e9. Avec un panneau frontal structur\u00e9, cette casquette n&rsquo;est pas seulement confortable, mais aussi id\u00e9ale pour la d\u00e9coration.<\/p>\n<p><strong>Instructions d&rsquo;entretien<\/strong><\/p>\n<table>\n<tr>\n<td>G\u00e9n\u00e9ral<\/td>\n<td>\n<p>Pour maintenir sa forme et sa couleur, \u00e9viter une exposition prolong\u00e9e au soleil direct.<\/p>\n<\/td>\n<\/tr>\n<tr>\n<td>Lavage<\/td>\n<td>\n<p>Laver doucement \u00e0 la main \u00e0 l&rsquo;eau froide avec un d\u00e9tergent doux.<\/p>\n<\/td>\n<\/tr>\n<tr>\n<td>S\u00e9chage<\/td>\n<td>\n<p>\u00c9taler \u00e0 plat pour le s\u00e9chage et \u00e9viter l&rsquo;utilisation d&rsquo;un s\u00e8che-linge.<\/p>\n<\/td>\n<\/tr>\n<tr>\n<td>Rangement<\/td>\n<td>\n<p>Garder dans un endroit frais, sec et \u00e0 l&rsquo;abri de la lumi\u00e8re du soleil.<\/p>\n<\/td>\n<\/tr>\n<\/table>","protected":false},"excerpt":{"rendered":"<p>La casquette papa Beechfield B54N \u00e9l\u00e9gante et \u00e9co-responsable est fabriqu\u00e9e \u00e0 partir de 100% de coton bio. Elle est con\u00e7ue pour ceux qui privil\u00e9gient \u00e0 la fois la mode et la durabilit\u00e9. Avec un panneau frontal structur\u00e9, cette casquette n&rsquo;est pas seulement confortable, mais aussi id\u00e9ale pour la d\u00e9coration. Instructions d&rsquo;entretien G\u00e9n\u00e9ral Pour maintenir sa [&hellip;]<\/p>","protected":false},"featured_media":576,"comment_status":"open","ping_status":"closed","template":"","meta":{"_acf_changed":false},"product_brand":[],"product_cat":[22,37,23],"product_tag":[],"class_list":{"0":"post-577","1":"product","2":"type-product","3":"status-publish","4":"has-post-thumbnail","6":"product_cat-a-la-une","7":"product_cat-casquettes","8":"product_cat-nos-idees-cadeaux","10":"first","11":"instock","12":"shipping-taxable","13":"purchasable","14":"product-type-variable"},"acf":[],"_links":{"self":[{"href":"https:\/\/www.reviensy.laboratoire-achroma.fr\/en\/wp-json\/wp\/v2\/product\/577","targetHints":{"allow":["GET"]}}],"collection":[{"href":"https:\/\/www.reviensy.laboratoire-achroma.fr\/en\/wp-json\/wp\/v2\/product"}],"about":[{"href":"https:\/\/www.reviensy.laboratoire-achroma.fr\/en\/wp-json\/wp\/v2\/types\/product"}],"replies":[{"embeddable":true,"href":"https:\/\/www.reviensy.laboratoire-achroma.fr\/en\/wp-json\/wp\/v2\/comments?post=577"}],"wp:featuredmedia":[{"embeddable":true,"href":"https:\/\/www.reviensy.laboratoire-achroma.fr\/en\/wp-json\/wp\/v2\/media\/576"}],"wp:attachment":[{"href":"https:\/\/www.reviensy.laboratoire-achroma.fr\/en\/wp-json\/wp\/v2\/media?parent=577"}],"wp:term":[{"taxonomy":"product_brand","embeddable":true,"href":"https:\/\/www.reviensy.laboratoire-achroma.fr\/en\/wp-json\/wp\/v2\/product_brand?post=577"},{"taxonomy":"product_cat","embeddable":true,"href":"https:\/\/www.reviensy.laboratoire-achroma.fr\/en\/wp-json\/wp\/v2\/product_cat?post=577"},{"taxonomy":"product_tag","embeddable":true,"href":"https:\/\/www.reviensy.laboratoire-achroma.fr\/en\/wp-json\/wp\/v2\/product_tag?post=577"}],"curies":[{"name":"wp","href":"https:\/\/api.w.org\/{rel}","templated":true}]}}