{"id":587,"date":"2025-07-24T20:21:19","date_gmt":"2025-07-24T20:21:19","guid":{"rendered":"https:\/\/www.reviensy.laboratoire-achroma.fr\/product\/mug-ceramique-avec-illustration-du-mont-saint-cyr\/"},"modified":"2025-07-24T20:22:29","modified_gmt":"2025-07-24T20:22:29","slug":"mug-ceramique-avec-illustration-du-mont-saint-cyr","status":"publish","type":"product","link":"https:\/\/www.reviensy.laboratoire-achroma.fr\/en\/product\/mug-ceramique-avec-illustration-du-mont-saint-cyr\/","title":{"rendered":"Mug c\u00e9ramique avec illustration du Mont Saint Cyr"},"content":{"rendered":"<p>D\u00e9couvrez ce mug en c\u00e9ramique orn\u00e9 d&rsquo;une magnifique illustration style gravure de la vue depuis le Mont Saint Cyr \u00e0 Cahors.<\/p>\n<p>Parfait pour les amateurs de paysages pittoresques et de caf\u00e9s chaleureux, ce mug apportera une touche d&rsquo;\u00e9l\u00e9gance \u00e0 votre quotidien.<\/p>\n<p>Id\u00e9al pour vos pauses caf\u00e9 ou comme cadeau unique pour vos proches.<\/p>","protected":false},"excerpt":{"rendered":"<p>D\u00e9couvrez ce mug en c\u00e9ramique orn\u00e9 d&rsquo;une magnifique illustration style gravure de la vue depuis le Mont Saint Cyr \u00e0 Cahors. Parfait pour les amateurs de paysages pittoresques et de caf\u00e9s chaleureux, ce mug apportera une touche d&rsquo;\u00e9l\u00e9gance \u00e0 votre quotidien. Id\u00e9al pour vos pauses caf\u00e9 ou comme cadeau unique pour vos proches.<\/p>","protected":false},"featured_media":586,"comment_status":"open","ping_status":"closed","template":"","meta":{"_acf_changed":false},"product_brand":[],"product_cat":[16,22,38],"product_tag":[],"class_list":{"0":"post-587","1":"product","2":"type-product","3":"status-publish","4":"has-post-thumbnail","6":"product_cat-uncategorized","7":"product_cat-a-la-une","8":"product_cat-mugs","10":"first","11":"instock","12":"shipping-taxable","13":"purchasable","14":"product-type-variable","15":"has-default-attributes"},"acf":[],"_links":{"self":[{"href":"https:\/\/www.reviensy.laboratoire-achroma.fr\/en\/wp-json\/wp\/v2\/product\/587","targetHints":{"allow":["GET"]}}],"collection":[{"href":"https:\/\/www.reviensy.laboratoire-achroma.fr\/en\/wp-json\/wp\/v2\/product"}],"about":[{"href":"https:\/\/www.reviensy.laboratoire-achroma.fr\/en\/wp-json\/wp\/v2\/types\/product"}],"replies":[{"embeddable":true,"href":"https:\/\/www.reviensy.laboratoire-achroma.fr\/en\/wp-json\/wp\/v2\/comments?post=587"}],"wp:featuredmedia":[{"embeddable":true,"href":"https:\/\/www.reviensy.laboratoire-achroma.fr\/en\/wp-json\/wp\/v2\/media\/586"}],"wp:attachment":[{"href":"https:\/\/www.reviensy.laboratoire-achroma.fr\/en\/wp-json\/wp\/v2\/media?parent=587"}],"wp:term":[{"taxonomy":"product_brand","embeddable":true,"href":"https:\/\/www.reviensy.laboratoire-achroma.fr\/en\/wp-json\/wp\/v2\/product_brand?post=587"},{"taxonomy":"product_cat","embeddable":true,"href":"https:\/\/www.reviensy.laboratoire-achroma.fr\/en\/wp-json\/wp\/v2\/product_cat?post=587"},{"taxonomy":"product_tag","embeddable":true,"href":"https:\/\/www.reviensy.laboratoire-achroma.fr\/en\/wp-json\/wp\/v2\/product_tag?post=587"}],"curies":[{"name":"wp","href":"https:\/\/api.w.org\/{rel}","templated":true}]}}