{"id":641,"date":"2025-07-25T09:05:17","date_gmt":"2025-07-25T09:05:17","guid":{"rendered":"https:\/\/www.reviensy.laboratoire-achroma.fr\/product\/totebag-leger-illustration-pont-valentre-cahors\/"},"modified":"2025-07-25T09:05:18","modified_gmt":"2025-07-25T09:05:18","slug":"totebag-leger-illustration-pont-valentre-cahors","status":"publish","type":"product","link":"https:\/\/www.reviensy.laboratoire-achroma.fr\/en\/product\/totebag-leger-illustration-pont-valentre-cahors\/","title":{"rendered":"Totebag l\u00e9ger illustration Pont Valentr\u00e9 Cahors"},"content":{"rendered":"<p>D\u00e9couvrez notre totebag l\u00e9ger, orn\u00e9 d&rsquo;une magnifique illustration fa\u00e7on carte postale du c\u00e9l\u00e8bre pont Valentr\u00e9 \u00e0 Cahors.<br \/>\nId\u00e9al pour vos courses ou vos sorties, ce totebag allie style et praticit\u00e9.<br \/>\nSa conception l\u00e9g\u00e8re le rend facile \u00e0 transporter tout en ajoutant une touche artistique \u00e0 votre look quotidien.<\/p>","protected":false},"excerpt":{"rendered":"<p>D\u00e9couvrez notre totebag l\u00e9ger, orn\u00e9 d&rsquo;une magnifique illustration fa\u00e7on carte postale du c\u00e9l\u00e8bre pont Valentr\u00e9 \u00e0 Cahors. Id\u00e9al pour vos courses ou vos sorties, ce totebag allie style et praticit\u00e9. Sa conception l\u00e9g\u00e8re le rend facile \u00e0 transporter tout en ajoutant une touche artistique \u00e0 votre look quotidien.<\/p>","protected":false},"featured_media":638,"comment_status":"open","ping_status":"closed","template":"","meta":{"_acf_changed":false},"product_brand":[],"product_cat":[16],"product_tag":[],"class_list":{"0":"post-641","1":"product","2":"type-product","3":"status-publish","4":"has-post-thumbnail","6":"product_cat-uncategorized","8":"first","9":"instock","10":"shipping-taxable","11":"purchasable","12":"product-type-variable","13":"has-default-attributes"},"acf":[],"_links":{"self":[{"href":"https:\/\/www.reviensy.laboratoire-achroma.fr\/en\/wp-json\/wp\/v2\/product\/641","targetHints":{"allow":["GET"]}}],"collection":[{"href":"https:\/\/www.reviensy.laboratoire-achroma.fr\/en\/wp-json\/wp\/v2\/product"}],"about":[{"href":"https:\/\/www.reviensy.laboratoire-achroma.fr\/en\/wp-json\/wp\/v2\/types\/product"}],"replies":[{"embeddable":true,"href":"https:\/\/www.reviensy.laboratoire-achroma.fr\/en\/wp-json\/wp\/v2\/comments?post=641"}],"wp:featuredmedia":[{"embeddable":true,"href":"https:\/\/www.reviensy.laboratoire-achroma.fr\/en\/wp-json\/wp\/v2\/media\/638"}],"wp:attachment":[{"href":"https:\/\/www.reviensy.laboratoire-achroma.fr\/en\/wp-json\/wp\/v2\/media?parent=641"}],"wp:term":[{"taxonomy":"product_brand","embeddable":true,"href":"https:\/\/www.reviensy.laboratoire-achroma.fr\/en\/wp-json\/wp\/v2\/product_brand?post=641"},{"taxonomy":"product_cat","embeddable":true,"href":"https:\/\/www.reviensy.laboratoire-achroma.fr\/en\/wp-json\/wp\/v2\/product_cat?post=641"},{"taxonomy":"product_tag","embeddable":true,"href":"https:\/\/www.reviensy.laboratoire-achroma.fr\/en\/wp-json\/wp\/v2\/product_tag?post=641"}],"curies":[{"name":"wp","href":"https:\/\/api.w.org\/{rel}","templated":true}]}}