{"id":644,"date":"2025-07-25T09:05:17","date_gmt":"2025-07-25T09:05:17","guid":{"rendered":"https:\/\/www.reviensy.laboratoire-achroma.fr\/product\/sweat-shirt-leger-unisexe-petit-diable-de-cahors\/"},"modified":"2025-07-25T09:05:31","modified_gmt":"2025-07-25T09:05:31","slug":"sweat-shirt-leger-unisexe-petit-diable-de-cahors","status":"publish","type":"product","link":"https:\/\/www.reviensy.laboratoire-achroma.fr\/en\/product\/sweat-shirt-leger-unisexe-petit-diable-de-cahors\/","title":{"rendered":"Sweat-shirt L\u00e9ger Unisexe &#8211; Petit Diable de Cahors"},"content":{"rendered":"<p>D\u00e9couvrez notre Sweat-shirt L\u00e9ger Unisexe illustr\u00e9 du petit diable du pont Valentr\u00e9 de Cahors, en style gravure. <\/p>\n<p>Ce sweat-shirt est non seulement confortable, mais il arbore \u00e9galement une \u0153uvre d&rsquo;art unique qui attire l&rsquo;attention. <\/p>\n<p>Id\u00e9al pour les amateurs d&rsquo;art et ceux qui souhaitent afficher leur passion pour cette l\u00e9gende locale, il se porte aussi bien en toute saison. <\/p>\n<p>Ajoutez une touche de culture \u00e0 votre garde-robe avec ce design original.<\/p>","protected":false},"excerpt":{"rendered":"<p>D\u00e9couvrez notre Sweat-shirt L\u00e9ger Unisexe illustr\u00e9 du petit diable du pont Valentr\u00e9 de Cahors, en style gravure. Ce sweat-shirt est non seulement confortable, mais il arbore \u00e9galement une \u0153uvre d&rsquo;art unique qui attire l&rsquo;attention. Id\u00e9al pour les amateurs d&rsquo;art et ceux qui souhaitent afficher leur passion pour cette l\u00e9gende locale, il se porte aussi bien [&hellip;]<\/p>","protected":false},"featured_media":635,"comment_status":"open","ping_status":"closed","template":"","meta":{"_acf_changed":false},"product_brand":[],"product_cat":[16],"product_tag":[],"class_list":{"0":"post-644","1":"product","2":"type-product","3":"status-publish","4":"has-post-thumbnail","6":"product_cat-uncategorized","8":"first","9":"instock","10":"shipping-taxable","11":"purchasable","12":"product-type-variable","13":"has-default-attributes"},"acf":[],"_links":{"self":[{"href":"https:\/\/www.reviensy.laboratoire-achroma.fr\/en\/wp-json\/wp\/v2\/product\/644","targetHints":{"allow":["GET"]}}],"collection":[{"href":"https:\/\/www.reviensy.laboratoire-achroma.fr\/en\/wp-json\/wp\/v2\/product"}],"about":[{"href":"https:\/\/www.reviensy.laboratoire-achroma.fr\/en\/wp-json\/wp\/v2\/types\/product"}],"replies":[{"embeddable":true,"href":"https:\/\/www.reviensy.laboratoire-achroma.fr\/en\/wp-json\/wp\/v2\/comments?post=644"}],"wp:featuredmedia":[{"embeddable":true,"href":"https:\/\/www.reviensy.laboratoire-achroma.fr\/en\/wp-json\/wp\/v2\/media\/635"}],"wp:attachment":[{"href":"https:\/\/www.reviensy.laboratoire-achroma.fr\/en\/wp-json\/wp\/v2\/media?parent=644"}],"wp:term":[{"taxonomy":"product_brand","embeddable":true,"href":"https:\/\/www.reviensy.laboratoire-achroma.fr\/en\/wp-json\/wp\/v2\/product_brand?post=644"},{"taxonomy":"product_cat","embeddable":true,"href":"https:\/\/www.reviensy.laboratoire-achroma.fr\/en\/wp-json\/wp\/v2\/product_cat?post=644"},{"taxonomy":"product_tag","embeddable":true,"href":"https:\/\/www.reviensy.laboratoire-achroma.fr\/en\/wp-json\/wp\/v2\/product_tag?post=644"}],"curies":[{"name":"wp","href":"https:\/\/api.w.org\/{rel}","templated":true}]}}