{"id":650,"date":"2025-07-25T09:05:19","date_gmt":"2025-07-25T09:05:19","guid":{"rendered":"https:\/\/www.reviensy.laboratoire-achroma.fr\/product\/casquette-100-recyclee-jaime-cahors\/"},"modified":"2025-07-25T09:05:21","modified_gmt":"2025-07-25T09:05:21","slug":"casquette-100-recyclee-jaime-cahors","status":"publish","type":"product","link":"https:\/\/www.reviensy.laboratoire-achroma.fr\/en\/product\/casquette-100-recyclee-jaime-cahors\/","title":{"rendered":"Casquette 100% recycl\u00e9e &#8211; J&#039;aime Cahors"},"content":{"rendered":"<p>Affichez votre amour pour Cahors avec style !<\/p>\n<p>Cette casquette 100% recycl\u00e9e est orn\u00e9e de l&rsquo;inscription \u00ab\u00a0j&rsquo;aime cahors\u00a0\u00bb, avec un \u00ab\u00a0aime\u00a0\u00bb cr\u00e9atif remplac\u00e9 par une grappe de raisin en forme de c\u0153ur. <\/p>\n<p>Con\u00e7ue pour les passionn\u00e9s de vin et de nature, elle est \u00e0 la fois \u00e9cologique et tendance. <\/p>\n<p>Parfaite pour profiter des journ\u00e9es ensoleill\u00e9es tout en respectant l&rsquo;environnement.<\/p>","protected":false},"excerpt":{"rendered":"<p>Affichez votre amour pour Cahors avec style ! Cette casquette 100% recycl\u00e9e est orn\u00e9e de l&rsquo;inscription \u00ab\u00a0j&rsquo;aime cahors\u00a0\u00bb, avec un \u00ab\u00a0aime\u00a0\u00bb cr\u00e9atif remplac\u00e9 par une grappe de raisin en forme de c\u0153ur. Con\u00e7ue pour les passionn\u00e9s de vin et de nature, elle est \u00e0 la fois \u00e9cologique et tendance. Parfaite pour profiter des journ\u00e9es ensoleill\u00e9es [&hellip;]<\/p>","protected":false},"featured_media":645,"comment_status":"open","ping_status":"closed","template":"","meta":{"_acf_changed":false},"product_brand":[],"product_cat":[16],"product_tag":[],"class_list":{"0":"post-650","1":"product","2":"type-product","3":"status-publish","4":"has-post-thumbnail","6":"product_cat-uncategorized","8":"first","9":"instock","10":"shipping-taxable","11":"purchasable","12":"product-type-variable","13":"has-default-attributes"},"acf":[],"_links":{"self":[{"href":"https:\/\/www.reviensy.laboratoire-achroma.fr\/en\/wp-json\/wp\/v2\/product\/650","targetHints":{"allow":["GET"]}}],"collection":[{"href":"https:\/\/www.reviensy.laboratoire-achroma.fr\/en\/wp-json\/wp\/v2\/product"}],"about":[{"href":"https:\/\/www.reviensy.laboratoire-achroma.fr\/en\/wp-json\/wp\/v2\/types\/product"}],"replies":[{"embeddable":true,"href":"https:\/\/www.reviensy.laboratoire-achroma.fr\/en\/wp-json\/wp\/v2\/comments?post=650"}],"wp:featuredmedia":[{"embeddable":true,"href":"https:\/\/www.reviensy.laboratoire-achroma.fr\/en\/wp-json\/wp\/v2\/media\/645"}],"wp:attachment":[{"href":"https:\/\/www.reviensy.laboratoire-achroma.fr\/en\/wp-json\/wp\/v2\/media?parent=650"}],"wp:term":[{"taxonomy":"product_brand","embeddable":true,"href":"https:\/\/www.reviensy.laboratoire-achroma.fr\/en\/wp-json\/wp\/v2\/product_brand?post=650"},{"taxonomy":"product_cat","embeddable":true,"href":"https:\/\/www.reviensy.laboratoire-achroma.fr\/en\/wp-json\/wp\/v2\/product_cat?post=650"},{"taxonomy":"product_tag","embeddable":true,"href":"https:\/\/www.reviensy.laboratoire-achroma.fr\/en\/wp-json\/wp\/v2\/product_tag?post=650"}],"curies":[{"name":"wp","href":"https:\/\/api.w.org\/{rel}","templated":true}]}}