{"id":679,"date":"2025-07-25T09:05:50","date_gmt":"2025-07-25T09:05:50","guid":{"rendered":"https:\/\/www.reviensy.laboratoire-achroma.fr\/product\/sweat-a-capuche-leger-unisexe-cahors-en-couleur\/"},"modified":"2025-07-25T09:06:07","modified_gmt":"2025-07-25T09:06:07","slug":"sweat-a-capuche-leger-unisexe-cahors-en-couleur","status":"publish","type":"product","link":"https:\/\/www.reviensy.laboratoire-achroma.fr\/en\/product\/sweat-a-capuche-leger-unisexe-cahors-en-couleur\/","title":{"rendered":"Sweat \u00e0 capuche L\u00e9ger Unisexe &#8211; Cahors en couleur"},"content":{"rendered":"<p>D\u00e9couvrez ce sweat \u00e0 capuche l\u00e9ger unisexe, orn\u00e9 d&rsquo;un visuel naif et color\u00e9<br \/>\nmettant en avant les ic\u00f4nes embl\u00e9matiques de Cahors.<\/p>\n<p>Confortable et styl\u00e9, il est parfait pour les amoureux de la ville et de son art.<br \/>\nExprimez votre attachement \u00e0 Cahors avec ce v\u00eatement unique qui allie originalit\u00e9 et tendance.<\/p>","protected":false},"excerpt":{"rendered":"<p>D\u00e9couvrez ce sweat \u00e0 capuche l\u00e9ger unisexe, orn\u00e9 d&rsquo;un visuel naif et color\u00e9 mettant en avant les ic\u00f4nes embl\u00e9matiques de Cahors. Confortable et styl\u00e9, il est parfait pour les amoureux de la ville et de son art. Exprimez votre attachement \u00e0 Cahors avec ce v\u00eatement unique qui allie originalit\u00e9 et tendance.<\/p>","protected":false},"featured_media":669,"comment_status":"open","ping_status":"closed","template":"","meta":{"_acf_changed":false},"product_brand":[],"product_cat":[16],"product_tag":[],"class_list":{"0":"post-679","1":"product","2":"type-product","3":"status-publish","4":"has-post-thumbnail","6":"product_cat-uncategorized","8":"first","9":"instock","10":"shipping-taxable","11":"purchasable","12":"product-type-variable","13":"has-default-attributes"},"acf":[],"_links":{"self":[{"href":"https:\/\/www.reviensy.laboratoire-achroma.fr\/en\/wp-json\/wp\/v2\/product\/679","targetHints":{"allow":["GET"]}}],"collection":[{"href":"https:\/\/www.reviensy.laboratoire-achroma.fr\/en\/wp-json\/wp\/v2\/product"}],"about":[{"href":"https:\/\/www.reviensy.laboratoire-achroma.fr\/en\/wp-json\/wp\/v2\/types\/product"}],"replies":[{"embeddable":true,"href":"https:\/\/www.reviensy.laboratoire-achroma.fr\/en\/wp-json\/wp\/v2\/comments?post=679"}],"wp:featuredmedia":[{"embeddable":true,"href":"https:\/\/www.reviensy.laboratoire-achroma.fr\/en\/wp-json\/wp\/v2\/media\/669"}],"wp:attachment":[{"href":"https:\/\/www.reviensy.laboratoire-achroma.fr\/en\/wp-json\/wp\/v2\/media?parent=679"}],"wp:term":[{"taxonomy":"product_brand","embeddable":true,"href":"https:\/\/www.reviensy.laboratoire-achroma.fr\/en\/wp-json\/wp\/v2\/product_brand?post=679"},{"taxonomy":"product_cat","embeddable":true,"href":"https:\/\/www.reviensy.laboratoire-achroma.fr\/en\/wp-json\/wp\/v2\/product_cat?post=679"},{"taxonomy":"product_tag","embeddable":true,"href":"https:\/\/www.reviensy.laboratoire-achroma.fr\/en\/wp-json\/wp\/v2\/product_tag?post=679"}],"curies":[{"name":"wp","href":"https:\/\/api.w.org\/{rel}","templated":true}]}}