{"id":680,"date":"2025-07-25T09:05:50","date_gmt":"2025-07-25T09:05:50","guid":{"rendered":"https:\/\/www.reviensy.laboratoire-achroma.fr\/product\/t-shirt-unisexe-classique-le-verre-de-cahors-3\/"},"modified":"2025-07-25T09:06:02","modified_gmt":"2025-07-25T09:06:02","slug":"t-shirt-unisexe-classique-le-verre-de-cahors-3","status":"publish","type":"product","link":"https:\/\/www.reviensy.laboratoire-achroma.fr\/en\/product\/t-shirt-unisexe-classique-le-verre-de-cahors-3\/","title":{"rendered":"T-shirt Unisexe Classique Le verre de Cahors"},"content":{"rendered":"<p>Ce T-shirt Unisexe Classique arbore un design amusant avec un verre de vin de Cahors en style cartoon.<br \/>\nId\u00e9al pour les amateurs de vin et ceux qui appr\u00e9cient un style d\u00e9contract\u00e9 avec une touche d&rsquo;humour.<br \/>\nConfortable et polyvalent, il se marie parfaitement avec n&rsquo;importe quelle tenue.<\/p>","protected":false},"excerpt":{"rendered":"<p>Ce T-shirt Unisexe Classique arbore un design amusant avec un verre de vin de Cahors en style cartoon. Id\u00e9al pour les amateurs de vin et ceux qui appr\u00e9cient un style d\u00e9contract\u00e9 avec une touche d&rsquo;humour. Confortable et polyvalent, il se marie parfaitement avec n&rsquo;importe quelle tenue.<\/p>","protected":false},"featured_media":671,"comment_status":"open","ping_status":"closed","template":"","meta":{"_acf_changed":false},"product_brand":[],"product_cat":[16],"product_tag":[],"class_list":{"0":"post-680","1":"product","2":"type-product","3":"status-publish","4":"has-post-thumbnail","6":"product_cat-uncategorized","8":"first","9":"instock","10":"shipping-taxable","11":"purchasable","12":"product-type-variable","13":"has-default-attributes"},"acf":[],"_links":{"self":[{"href":"https:\/\/www.reviensy.laboratoire-achroma.fr\/en\/wp-json\/wp\/v2\/product\/680","targetHints":{"allow":["GET"]}}],"collection":[{"href":"https:\/\/www.reviensy.laboratoire-achroma.fr\/en\/wp-json\/wp\/v2\/product"}],"about":[{"href":"https:\/\/www.reviensy.laboratoire-achroma.fr\/en\/wp-json\/wp\/v2\/types\/product"}],"replies":[{"embeddable":true,"href":"https:\/\/www.reviensy.laboratoire-achroma.fr\/en\/wp-json\/wp\/v2\/comments?post=680"}],"wp:featuredmedia":[{"embeddable":true,"href":"https:\/\/www.reviensy.laboratoire-achroma.fr\/en\/wp-json\/wp\/v2\/media\/671"}],"wp:attachment":[{"href":"https:\/\/www.reviensy.laboratoire-achroma.fr\/en\/wp-json\/wp\/v2\/media?parent=680"}],"wp:term":[{"taxonomy":"product_brand","embeddable":true,"href":"https:\/\/www.reviensy.laboratoire-achroma.fr\/en\/wp-json\/wp\/v2\/product_brand?post=680"},{"taxonomy":"product_cat","embeddable":true,"href":"https:\/\/www.reviensy.laboratoire-achroma.fr\/en\/wp-json\/wp\/v2\/product_cat?post=680"},{"taxonomy":"product_tag","embeddable":true,"href":"https:\/\/www.reviensy.laboratoire-achroma.fr\/en\/wp-json\/wp\/v2\/product_tag?post=680"}],"curies":[{"name":"wp","href":"https:\/\/api.w.org\/{rel}","templated":true}]}}